{"id":5,"date":"2023-05-06T18:53:36","date_gmt":"2023-05-06T18:53:36","guid":{"rendered":"http:\/\/mainhattandrive.de\/?page_id=5"},"modified":"2023-05-10T06:33:04","modified_gmt":"2023-05-10T06:33:04","slug":"startseite","status":"publish","type":"page","link":"https:\/\/mainhattandrive.de\/","title":{"rendered":"Startseite"},"content":{"rendered":"\n<p><strong>Herzlich Willkommen auf der Webseite der Fahrschule Mainhattan Drive<\/strong><\/p>\n\n\n\n<p>Mein Name ist Mahfuz Rona und ich bin Leiter der Fahrschule Mainhattan Drive. Mein Ziel ist es dich zu einer oder einem sicheren, verantwortungsvollen und umweltbewussten Fahrer\/In auszubilden.<\/p>\n\n\n\n<p><strong>Was ist das besondere meiner Fahrschule?<\/strong><\/p>\n\n\n\n<p>Ich bringe Dich schnellstm\u00f6glich, unkompliziert und erfolgreich zum F\u00fchrerschein!<\/p>\n\n\n\n<p>Meine Sch\u00fclerinnen und Sch\u00fcler sch\u00e4tzen, dass jeder Theorie- und Praxisunterricht von mir selbst geleitet wird. Komm einfach mal vorbei, dann lernen wir uns kennen.<\/p>\n\n\n\n<p><em><strong>Unsere B\u00fcro \u00d6ffnungszeiten<\/strong><\/em><\/p>\n\n\n\n<figure class=\"wp-block-table\"><table><tbody><tr><td>Montag, Mittwoch, Freitag<\/td><td>15:00 &#8211; 19:00<\/td><\/tr><tr><td>Dienstag, Donnerstag<\/td><td>17:00 &#8211; 19:00<\/td><\/tr><tr><td>Samstag<\/td><td>13:00 &#8211; 15:00<\/td><\/tr><\/tbody><\/table><\/figure>\n\n\n\n<figure class=\"wp-block-image size-full\"><img decoding=\"async\" loading=\"lazy\" width=\"800\" height=\"600\" src=\"http:\/\/mainhattandrive.de\/wp-content\/uploads\/2023\/05\/fahrschulefront.jpg\" alt=\"\" class=\"wp-image-39\" srcset=\"https:\/\/mainhattandrive.de\/wp-content\/uploads\/2023\/05\/fahrschulefront.jpg 800w, https:\/\/mainhattandrive.de\/wp-content\/uploads\/2023\/05\/fahrschulefront-300x225.jpg 300w, https:\/\/mainhattandrive.de\/wp-content\/uploads\/2023\/05\/fahrschulefront-768x576.jpg 768w\" sizes=\"(max-width: 800px) 100vw, 800px\" \/><\/figure>\n\n\n\n<p><strong>Wo findest du die Fahrschule Mainhattan Drive?<\/strong><\/p>\n\n\n\n<p>Die Fahrschule liegt im Frankfurter Nordend, ganz in der N\u00e4he des Friedberger Platzes auf der Friedberger Landstra\u00dfe 84. Sie ist mit den Stra\u00dfenbahnen 12 und 18 und der Buslinie 30 bequem zu erreichen: Haltestelle Friedberger Platz.<\/p>\n","protected":false},"excerpt":{"rendered":"<p>Herzlich Willkommen auf der Webseite der Fahrschule Mainhattan Drive Mein Name ist Mahfuz Rona und ich bin Leiter der Fahrschule Mainhattan Drive. Mein Ziel ist es dich zu einer oder einem sicheren, verantwortungsvollen und umweltbewussten Fahrer\/In auszubilden. Was ist das besondere meiner Fahrschule? Ich bringe Dich schnellstm\u00f6glich, unkompliziert und erfolgreich zum F\u00fchrerschein! Meine Sch\u00fclerinnen und &hellip;<\/p>\n<p class=\"read-more\"> <a class=\"\" href=\"https:\/\/mainhattandrive.de\/\"> <span class=\"screen-reader-text\">Startseite<\/span> Weiterlesen &raquo;<\/a><\/p>\n","protected":false},"author":1,"featured_media":0,"parent":0,"menu_order":0,"comment_status":"closed","ping_status":"closed","template":"","meta":{"site-sidebar-layout":"default","site-content-layout":"default","ast-global-header-display":"","ast-main-header-display":"","ast-hfb-above-header-display":"","ast-hfb-below-header-display":"","ast-hfb-mobile-header-display":"","site-post-title":"","ast-breadcrumbs-content":"","ast-featured-img":"","footer-sml-layout":"","theme-transparent-header-meta":"","adv-header-id-meta":"","stick-header-meta":"","header-above-stick-meta":"","header-main-stick-meta":"","header-below-stick-meta":""},"_links":{"self":[{"href":"https:\/\/mainhattandrive.de\/index.php?rest_route=\/wp\/v2\/pages\/5"}],"collection":[{"href":"https:\/\/mainhattandrive.de\/index.php?rest_route=\/wp\/v2\/pages"}],"about":[{"href":"https:\/\/mainhattandrive.de\/index.php?rest_route=\/wp\/v2\/types\/page"}],"author":[{"embeddable":true,"href":"https:\/\/mainhattandrive.de\/index.php?rest_route=\/wp\/v2\/users\/1"}],"replies":[{"embeddable":true,"href":"https:\/\/mainhattandrive.de\/index.php?rest_route=%2Fwp%2Fv2%2Fcomments&post=5"}],"version-history":[{"count":4,"href":"https:\/\/mainhattandrive.de\/index.php?rest_route=\/wp\/v2\/pages\/5\/revisions"}],"predecessor-version":[{"id":63,"href":"https:\/\/mainhattandrive.de\/index.php?rest_route=\/wp\/v2\/pages\/5\/revisions\/63"}],"wp:attachment":[{"href":"https:\/\/mainhattandrive.de\/index.php?rest_route=%2Fwp%2Fv2%2Fmedia&parent=5"}],"curies":[{"name":"wp","href":"https:\/\/api.w.org\/{rel}","templated":true}]}}