{"id":19,"date":"2023-05-06T19:17:30","date_gmt":"2023-05-06T19:17:30","guid":{"rendered":"http:\/\/mainhattandrive.de\/?page_id=19"},"modified":"2026-01-07T14:46:42","modified_gmt":"2026-01-07T14:46:42","slug":"informationen","status":"publish","type":"page","link":"https:\/\/mainhattandrive.de\/?page_id=19","title":{"rendered":"Informationen"},"content":{"rendered":"\n<p><strong>Lernmaterial<\/strong><\/p>\n\n\n\n<p>Material f\u00fcr die theoretische F\u00fchrerscheinpr\u00fcfung gibt es bei mir in der Fahrschule Mainhattan Drive.<\/p>\n\n\n\n<p><strong>Hinweise f\u00fcr die Pr\u00fcfungen<\/strong><\/p>\n\n\n\n<p>Hast du deine kompletten Unterlagen bei der Meldestelle abgegeben, musst du dich um nichts mehr k\u00fcmmern. Die Meldestelle ben\u00f6tigt ungef\u00e4hr 4-6 Wochen f\u00fcr die Bearbeitung deiner Unterlagen. Sind sie gepr\u00fcft werden sie direkt an die Fahrschule Mainhattan Drive geschickt.<\/p>\n\n\n\n<p>Dein Antrag bleibt ein Jahr g\u00fcltig und verl\u00e4ngert sich um ein weiteres Jahr ab der bestandenen Theoriepr\u00fcfung. Die Theorieunterrichte und die Sonderfahrten haben eine G\u00fcltigkeit von zwei Jahren.<\/p>\n\n\n\n<p>Wir geben dir Bescheid, wenn deine Unterlagen bei uns eingetroffen sind \u2013 wenn du in der Zwischenzeit flei\u00dfig gelernt und alle Theoriestunden vollst\u00e4ndig absolviert hast, kannst du dich dann bereits f\u00fcr ein online Vortest in der Fahrschule anmelden \u2013 so fern du diese H\u00fcrde erfolgreich gemeistert hast oder dich bereit f\u00fcr die Pr\u00fcfung f\u00fchlst melden wir dich f\u00fcr die Pr\u00fcfung an.<\/p>\n\n\n\n<p>Pr\u00fcfungstermine finden mehrmals in der Woche zu verschiedenen Tageszeiten statt. In der Regel \u00fcbernehmen wir auch einen Bringservice, so k\u00f6nnen wir auf der Hin-Fahrt noch offene Fragen durchsprechen.<\/p>\n\n\n\n<p>Sobald du dich fit und sicher im Auto f\u00fchlst und die Pflichtfahrten (Sonderfahrten) gemeistert hast, machen wir eine Pr\u00fcfungssimulation \u2013 danach kannst du dich auch f\u00fcr die praktische Pr\u00fcfung anmelden.<\/p>\n\n\n\n<p>Die Anmeldung muss zwei Wochen vor dem Pr\u00fcftermin erfolgen.<\/p>\n\n\n\n<p><strong>Nachfolgend der aktulle Theorieplan<\/strong><\/p>\n\n\n\n<figure class=\"wp-block-image size-full\"><img decoding=\"async\" loading=\"lazy\" width=\"639\" height=\"864\" src=\"http:\/\/mainhattandrive.de\/wp-content\/uploads\/2026\/01\/Theorieplan-2026-1.jpg\" alt=\"\" class=\"wp-image-101\" srcset=\"https:\/\/mainhattandrive.de\/wp-content\/uploads\/2026\/01\/Theorieplan-2026-1.jpg 639w, https:\/\/mainhattandrive.de\/wp-content\/uploads\/2026\/01\/Theorieplan-2026-1-222x300.jpg 222w\" sizes=\"(max-width: 639px) 100vw, 639px\" \/><\/figure>\n","protected":false},"excerpt":{"rendered":"<p>Lernmaterial Material f\u00fcr die theoretische F\u00fchrerscheinpr\u00fcfung gibt es bei mir in der Fahrschule Mainhattan Drive. Hinweise f\u00fcr die Pr\u00fcfungen Hast du deine kompletten Unterlagen bei der Meldestelle abgegeben, musst du dich um nichts mehr k\u00fcmmern. Die Meldestelle ben\u00f6tigt ungef\u00e4hr 4-6 Wochen f\u00fcr die Bearbeitung deiner Unterlagen. Sind sie gepr\u00fcft werden sie direkt an die Fahrschule &hellip;<\/p>\n<p class=\"read-more\"> <a class=\"\" href=\"https:\/\/mainhattandrive.de\/?page_id=19\"> <span class=\"screen-reader-text\">Informationen<\/span> Weiterlesen &raquo;<\/a><\/p>\n","protected":false},"author":1,"featured_media":0,"parent":0,"menu_order":0,"comment_status":"closed","ping_status":"closed","template":"","meta":{"site-sidebar-layout":"default","site-content-layout":"default","ast-global-header-display":"","ast-main-header-display":"","ast-hfb-above-header-display":"","ast-hfb-below-header-display":"","ast-hfb-mobile-header-display":"","site-post-title":"","ast-breadcrumbs-content":"","ast-featured-img":"","footer-sml-layout":"","theme-transparent-header-meta":"","adv-header-id-meta":"","stick-header-meta":"","header-above-stick-meta":"","header-main-stick-meta":"","header-below-stick-meta":""},"_links":{"self":[{"href":"https:\/\/mainhattandrive.de\/index.php?rest_route=\/wp\/v2\/pages\/19"}],"collection":[{"href":"https:\/\/mainhattandrive.de\/index.php?rest_route=\/wp\/v2\/pages"}],"about":[{"href":"https:\/\/mainhattandrive.de\/index.php?rest_route=\/wp\/v2\/types\/page"}],"author":[{"embeddable":true,"href":"https:\/\/mainhattandrive.de\/index.php?rest_route=\/wp\/v2\/users\/1"}],"replies":[{"embeddable":true,"href":"https:\/\/mainhattandrive.de\/index.php?rest_route=%2Fwp%2Fv2%2Fcomments&post=19"}],"version-history":[{"count":8,"href":"https:\/\/mainhattandrive.de\/index.php?rest_route=\/wp\/v2\/pages\/19\/revisions"}],"predecessor-version":[{"id":102,"href":"https:\/\/mainhattandrive.de\/index.php?rest_route=\/wp\/v2\/pages\/19\/revisions\/102"}],"wp:attachment":[{"href":"https:\/\/mainhattandrive.de\/index.php?rest_route=%2Fwp%2Fv2%2Fmedia&parent=19"}],"curies":[{"name":"wp","href":"https:\/\/api.w.org\/{rel}","templated":true}]}}