{"id":15,"date":"2023-05-06T18:56:51","date_gmt":"2023-05-06T18:56:51","guid":{"rendered":"http:\/\/mainhattandrive.de\/?page_id=15"},"modified":"2023-05-06T19:29:54","modified_gmt":"2023-05-06T19:29:54","slug":"anmeldung","status":"publish","type":"page","link":"https:\/\/mainhattandrive.de\/?page_id=15","title":{"rendered":"Anmeldung"},"content":{"rendered":"\n<p><strong>Was musst du tun, damit es schnell losgeht?<\/strong><\/p>\n\n\n\n<p>Zun\u00e4chst musst du dich bei der Fahrschule anmelden, dann steht deinen ersten Fahrstunden nichts mehr im Wege! Daf\u00fcr musst du mit folgenden Dokumenten zu den \u00d6ffnungszeiten im B\u00fcro der Fahrschule vorbei schauen.<\/p>\n\n\n\n<ul>\n<li>Personalausweis \/ Meldebescheinigung<\/li>\n\n\n\n<li>Anmeldung \/ Grundbetrag<\/li>\n\n\n\n<li>Solltest du noch nicht Vollj\u00e4hrig sein, muss eine erziehungsberechtigte Person dabei sein.<\/li>\n\n\n\n<li>Bitte auch Personalausweis mitbringen!<\/li>\n<\/ul>\n\n\n\n<p><br><strong>Mit folgenden Unterlagen gehst du zur Meldestelle in deinem Wohnbezirk<\/strong><br>&nbsp;<\/p>\n\n\n\n<ul>\n<li>Nachweis \u00fcber Sofortma\u00dfnahmen am Unfallort (Erste-Hilfe-Kurs)<\/li>\n\n\n\n<li>Sehtest<\/li>\n\n\n\n<li>Personalausweis oder Reisepass mit g\u00fcltiger Meldebescheinigung<\/li>\n\n\n\n<li>aktuelles Passfoto<\/li>\n\n\n\n<li>Deinem bei der Anmeldung erhaltenen F\u00fchrerscheinantragsbogen<\/li>\n<\/ul>\n","protected":false},"excerpt":{"rendered":"<p>Was musst du tun, damit es schnell losgeht? Zun\u00e4chst musst du dich bei der Fahrschule anmelden, dann steht deinen ersten Fahrstunden nichts mehr im Wege! Daf\u00fcr musst du mit folgenden Dokumenten zu den \u00d6ffnungszeiten im B\u00fcro der Fahrschule vorbei schauen. Mit folgenden Unterlagen gehst du zur Meldestelle in deinem Wohnbezirk&nbsp;<\/p>\n","protected":false},"author":1,"featured_media":0,"parent":0,"menu_order":0,"comment_status":"closed","ping_status":"closed","template":"","meta":{"site-sidebar-layout":"default","site-content-layout":"default","ast-global-header-display":"","ast-main-header-display":"","ast-hfb-above-header-display":"","ast-hfb-below-header-display":"","ast-hfb-mobile-header-display":"","site-post-title":"","ast-breadcrumbs-content":"","ast-featured-img":"","footer-sml-layout":"","theme-transparent-header-meta":"","adv-header-id-meta":"","stick-header-meta":"","header-above-stick-meta":"","header-main-stick-meta":"","header-below-stick-meta":""},"_links":{"self":[{"href":"https:\/\/mainhattandrive.de\/index.php?rest_route=\/wp\/v2\/pages\/15"}],"collection":[{"href":"https:\/\/mainhattandrive.de\/index.php?rest_route=\/wp\/v2\/pages"}],"about":[{"href":"https:\/\/mainhattandrive.de\/index.php?rest_route=\/wp\/v2\/types\/page"}],"author":[{"embeddable":true,"href":"https:\/\/mainhattandrive.de\/index.php?rest_route=\/wp\/v2\/users\/1"}],"replies":[{"embeddable":true,"href":"https:\/\/mainhattandrive.de\/index.php?rest_route=%2Fwp%2Fv2%2Fcomments&post=15"}],"version-history":[{"count":2,"href":"https:\/\/mainhattandrive.de\/index.php?rest_route=\/wp\/v2\/pages\/15\/revisions"}],"predecessor-version":[{"id":46,"href":"https:\/\/mainhattandrive.de\/index.php?rest_route=\/wp\/v2\/pages\/15\/revisions\/46"}],"wp:attachment":[{"href":"https:\/\/mainhattandrive.de\/index.php?rest_route=%2Fwp%2Fv2%2Fmedia&parent=15"}],"curies":[{"name":"wp","href":"https:\/\/api.w.org\/{rel}","templated":true}]}}